{"id":7627,"date":"2022-03-15T15:41:43","date_gmt":"2022-03-15T12:41:43","guid":{"rendered":"https:\/\/hydrobox.africa\/notre-modele\/"},"modified":"2023-09-22T14:57:55","modified_gmt":"2023-09-22T11:57:55","slug":"notre-modele","status":"publish","type":"page","link":"https:\/\/hydrobox.africa\/fr\/notre-modele\/","title":{"rendered":"Notre mod\u00e8le"},"content":{"rendered":"\n<section class=\"hd-content block-hd-content st-x sb-x bg-none\">\n    <div class=\"container\">\n        <div class=\"row justify-content-start align-content-unset\">\n                            \n                                                                    <div class=\"col-lg-12 offset-lg-0 col-12 order-lg-0 \">\n                                                                                                                                        <div class=\"hd-content__paragraph hd-content__element block-st-s block-sb-s block-align-left\">\n    <h2 style=\"text-align: center;\">L&rsquo;Hydrobox<\/h2>\n<\/div>\n                                    \n                                    \n                                    \n                                    \n                                                                                                                                            <div class=\"hd-content__paragraph hd-content__element block-st-x block-sb-x block-align-left\">\n    <p>L&rsquo;hydro\u00e9lectricit\u00e9 est une technologie \u00e9prouv\u00e9e, mais son exploitation en Afrique pr\u00e9sente quelques difficult\u00e9s. C&rsquo;est pourquoi nous avons con\u00e7u l&rsquo;Hydrobox.<\/p>\n<p><a href=\"https:\/\/hydrobox.africa\/wp-content\/uploads\/2022\/09\/HB-impact-modelABC-4.svg\"><img fetchpriority=\"high\" decoding=\"async\" fetchpriority=\"high\" class=\"alignnone wp-image-5960 size-full\" src=\"https:\/\/hydrobox.africa\/wp-content\/uploads\/2022\/09\/HB-impact-modelABC-4.svg\" alt=\"\" width=\"1920\" height=\"1200\" \/><\/a><\/p>\n<\/div>\n                                    \n                                    \n                                    \n                                    \n                                                                                        <\/div>\n                    \n                                    <\/div>\n    <\/div>\n\n    <\/section>\n<section class=\"hd-content block-hd-content st-x sb-x bg-none\">\n    <div class=\"container\">\n        <div class=\"row justify-content-start align-content-unset\">\n                            \n                                                                    <div class=\"col-lg-12 offset-lg-0 col-12 order-lg-0 \">\n                                                                                                                                        <div class=\"hd-content__paragraph hd-content__element block-st-x block-sb-x block-align-left\">\n    <h2 style=\"text-align: center;\"><strong>Mod\u00e8le d&rsquo;entreprise<\/strong><\/h2>\n<\/div>\n                                    \n                                    \n                                    \n                                    \n                                                                                                                                            <div class=\"hd-content__paragraph hd-content__element block-st-s block-sb-s block-align-left\">\n    <p>La technologie seule ne change pas le monde. Elle a besoin d&rsquo;un mod\u00e8le d&rsquo;entreprise solide pour \u00eatre \u00e9volutive et durable.<\/p>\n<p>Pour surmonter les obstacles li\u00e9s \u00e0 l&rsquo;\u00e9lectricit\u00e9, nous pensons qu&rsquo;il faut fournir une solution totale. C&rsquo;est pourquoi nous proposons l&rsquo;\u00e9nergie Hydrobox en tant que service et l&rsquo;Hydrobox en tant que produit avec service.<\/p>\n<p><a href=\"https:\/\/hydrobox.africa\/wp-content\/uploads\/2022\/09\/HB-business-model.svg\"><img loading=\"lazy\" decoding=\"async\" class=\"alignnone wp-image-6605 size-full\" src=\"https:\/\/hydrobox.africa\/wp-content\/uploads\/2022\/09\/HB-business-model.svg\" alt=\"\" width=\"1920\" height=\"1154\" \/><\/a><\/p>\n<\/div>\n                                    \n                                    \n                                    \n                                    \n                                                                                        <\/div>\n                    \n                                    <\/div>\n    <\/div>\n\n    <\/section>\n<section class=\"hd-content block-hd-content st-x sb-x bg-none\">\n    <div class=\"container\">\n        <div class=\"row justify-content-start align-content-unset\">\n                            \n                                                                    <div class=\"col-lg-12 offset-lg-0 col-12 order-lg-0 \">\n                                                                                                                                        <div class=\"hd-content__paragraph hd-content__element block-st-x block-sb-x block-align-left\">\n    <h2 style=\"text-align: center;\"><strong>Mod\u00e8le ABC<\/strong><\/h2>\n<\/div>\n                                    \n                                    \n                                    \n                                    \n                                                                                                                                            <div class=\"hd-content__paragraph hd-content__element block-st-x block-sb-x block-align-left\">\n    <p>De nombreux acteurs du secteur de l&rsquo;\u00e9lectrification rurale se heurtent au fait que la consommation d&rsquo;\u00e9lectricit\u00e9 des m\u00e9nages ruraux est inf\u00e9rieure \u00e0 leurs attentes.<\/p>\n<p>Contrairement \u00e0 l&rsquo;\u00e9nergie solaire ou \u00e9olienne, nos rivi\u00e8res produisent de l&rsquo;\u00e9lectricit\u00e9 24 heures sur 24. Nous tirons parti de cet avantage en desservant trois segments de march\u00e9 compl\u00e9mentaires gr\u00e2ce \u00e0 notre mod\u00e8le innovant ABC+.<\/p>\n<p>La diversit\u00e9 des clients permet d&rsquo;obtenir un pourcentage \u00e9lev\u00e9 de consommation et se traduit par des prix plus bas que lorsque l&rsquo;on se concentre exclusivement sur un seul segment.<\/p>\n<p>Par cons\u00e9quent, notre \u00e9lectricit\u00e9 est fiable, abordable et durable. <a href=\"https:\/\/hydrobox.africa\/wp-content\/uploads\/2022\/09\/ABC.svg\"><img loading=\"lazy\" decoding=\"async\" class=\"alignnone wp-image-6044 size-full\" src=\"https:\/\/hydrobox.africa\/wp-content\/uploads\/2022\/09\/ABC.svg\" alt=\"\" width=\"1920\" height=\"1200\" \/><\/a><\/p>\n<\/div>\n                                    \n                                    \n                                    \n                                    \n                                                                                        <\/div>\n                    \n                                    <\/div>\n    <\/div>\n\n    <\/section>\n<section class=\"hd-content block-hd-content st-x sb-x bg-none\">\n    <div class=\"container\">\n        <div class=\"row justify-content-start align-content-unset\">\n                            \n                                                                    <div class=\"col-lg-12 offset-lg-0 col-12 order-lg-0 \">\n                                                                                                                                        <div class=\"hd-content__paragraph hd-content__element block-st-x block-sb-x block-align-left\">\n    <h2 style=\"text-align: center;\"><strong>Mod\u00e8le d&rsquo;impact<\/strong><\/h2>\n<\/div>\n                                    \n                                    \n                                    \n                                    \n                                                                                                                                            <div class=\"hd-content__paragraph hd-content__element block-st-x block-sb-x block-align-left\">\n    <p>Notre mission est de donner du pouvoir aux individus et de transformer les communaut\u00e9s gr\u00e2ce \u00e0 notre \u00e9lectricit\u00e9.<\/p>\n<p>Pour accro\u00eetre l&rsquo;impact de notre \u00e9lectricit\u00e9, nous nous associons \u00e0 des organisations partageant les m\u00eames valeurs afin d&rsquo;offrir des services li\u00e9s \u00e0 l&rsquo;\u00e9lectricit\u00e9 qui touchent et am\u00e9liorent la vie de nos clients.<\/p>\n<p><img loading=\"lazy\" decoding=\"async\" loading=\"lazy\" class=\"alignnone size-full wp-image-5515\" src=\"https:\/\/hydrobox.africa\/wp-content\/uploads\/2022\/09\/HB-impact-modelABC-1.svg\" alt=\"\" width=\"1920\" height=\"1200\" \/>Nous faisons cela parce que nous pensons que nous sommes plus forts ensemble. Cela nous aide \u00e9galement \u00e0 atteindre notre objectif de 100 % d&rsquo;approvisionnement.<\/p>\n<\/div>\n                                    \n                                    \n                                    \n                                    \n                                                                                        <\/div>\n                    \n                                    <\/div>\n    <\/div>\n\n    <\/section>","protected":false},"excerpt":{"rendered":"","protected":false},"author":2,"featured_media":0,"parent":0,"menu_order":0,"comment_status":"closed","ping_status":"closed","template":"","meta":{"_acf_changed":false,"footnotes":""},"class_list":["post-7627","page","type-page","status-publish","hentry"],"acf":[],"yoast_head":"<!-- This site is optimized with the Yoast SEO plugin v27.4 - https:\/\/yoast.com\/product\/yoast-seo-wordpress\/ -->\n<title>Notre mod\u00e8le - Hydrobox<\/title>\n<meta name=\"description\" content=\"Hydrobox d\u00e9veloppe et exploite des centrales hydro\u00e9lectriques respectueuses de l&#039;environnement, con\u00e7ues pour transformer les communaut\u00e9s et autonomiser les individus.\" \/>\n<meta name=\"robots\" content=\"index, follow, max-snippet:-1, max-image-preview:large, max-video-preview:-1\" \/>\n<link rel=\"canonical\" href=\"https:\/\/hydrobox.africa\/fr\/notre-modele\/\" \/>\n<meta property=\"og:locale\" content=\"fr_FR\" \/>\n<meta property=\"og:type\" content=\"article\" \/>\n<meta property=\"og:title\" content=\"Notre mod\u00e8le - Hydrobox\" \/>\n<meta property=\"og:description\" content=\"Hydrobox d\u00e9veloppe et exploite des centrales hydro\u00e9lectriques respectueuses de l&#039;environnement, con\u00e7ues pour transformer les communaut\u00e9s et autonomiser les individus.\" \/>\n<meta property=\"og:url\" content=\"https:\/\/hydrobox.africa\/fr\/notre-modele\/\" \/>\n<meta property=\"og:site_name\" content=\"Hydrobox\" \/>\n<meta property=\"article:publisher\" content=\"https:\/\/www.facebook.com\/HydroboxNV\" \/>\n<meta property=\"article:modified_time\" content=\"2023-09-22T11:57:55+00:00\" \/>\n<meta name=\"twitter:card\" content=\"summary_large_image\" \/>\n<script type=\"application\/ld+json\" class=\"yoast-schema-graph\">{\"@context\":\"https:\\\/\\\/schema.org\",\"@graph\":[{\"@type\":\"WebPage\",\"@id\":\"https:\\\/\\\/hydrobox.africa\\\/fr\\\/notre-modele\\\/\",\"url\":\"https:\\\/\\\/hydrobox.africa\\\/fr\\\/notre-modele\\\/\",\"name\":\"Notre mod\u00e8le - Hydrobox\",\"isPartOf\":{\"@id\":\"https:\\\/\\\/hydrobox.africa\\\/fr\\\/#website\"},\"datePublished\":\"2022-03-15T12:41:43+00:00\",\"dateModified\":\"2023-09-22T11:57:55+00:00\",\"description\":\"Hydrobox d\u00e9veloppe et exploite des centrales hydro\u00e9lectriques respectueuses de l'environnement, con\u00e7ues pour transformer les communaut\u00e9s et autonomiser les individus.\",\"breadcrumb\":{\"@id\":\"https:\\\/\\\/hydrobox.africa\\\/fr\\\/notre-modele\\\/#breadcrumb\"},\"inLanguage\":\"fr-FR\",\"potentialAction\":[{\"@type\":\"ReadAction\",\"target\":[\"https:\\\/\\\/hydrobox.africa\\\/fr\\\/notre-modele\\\/\"]}]},{\"@type\":\"BreadcrumbList\",\"@id\":\"https:\\\/\\\/hydrobox.africa\\\/fr\\\/notre-modele\\\/#breadcrumb\",\"itemListElement\":[{\"@type\":\"ListItem\",\"position\":1,\"name\":\"Home\",\"item\":\"https:\\\/\\\/hydrobox.africa\\\/fr\\\/\"},{\"@type\":\"ListItem\",\"position\":2,\"name\":\"Notre mod\u00e8le\"}]},{\"@type\":\"WebSite\",\"@id\":\"https:\\\/\\\/hydrobox.africa\\\/fr\\\/#website\",\"url\":\"https:\\\/\\\/hydrobox.africa\\\/fr\\\/\",\"name\":\"Hydrobox\",\"description\":\"\",\"potentialAction\":[{\"@type\":\"SearchAction\",\"target\":{\"@type\":\"EntryPoint\",\"urlTemplate\":\"https:\\\/\\\/hydrobox.africa\\\/fr\\\/?s={search_term_string}\"},\"query-input\":{\"@type\":\"PropertyValueSpecification\",\"valueRequired\":true,\"valueName\":\"search_term_string\"}}],\"inLanguage\":\"fr-FR\"}]}<\/script>\n<!-- \/ Yoast SEO plugin. -->","yoast_head_json":{"title":"Notre mod\u00e8le - Hydrobox","description":"Hydrobox d\u00e9veloppe et exploite des centrales hydro\u00e9lectriques respectueuses de l'environnement, con\u00e7ues pour transformer les communaut\u00e9s et autonomiser les individus.","robots":{"index":"index","follow":"follow","max-snippet":"max-snippet:-1","max-image-preview":"max-image-preview:large","max-video-preview":"max-video-preview:-1"},"canonical":"https:\/\/hydrobox.africa\/fr\/notre-modele\/","og_locale":"fr_FR","og_type":"article","og_title":"Notre mod\u00e8le - Hydrobox","og_description":"Hydrobox d\u00e9veloppe et exploite des centrales hydro\u00e9lectriques respectueuses de l'environnement, con\u00e7ues pour transformer les communaut\u00e9s et autonomiser les individus.","og_url":"https:\/\/hydrobox.africa\/fr\/notre-modele\/","og_site_name":"Hydrobox","article_publisher":"https:\/\/www.facebook.com\/HydroboxNV","article_modified_time":"2023-09-22T11:57:55+00:00","twitter_card":"summary_large_image","schema":{"@context":"https:\/\/schema.org","@graph":[{"@type":"WebPage","@id":"https:\/\/hydrobox.africa\/fr\/notre-modele\/","url":"https:\/\/hydrobox.africa\/fr\/notre-modele\/","name":"Notre mod\u00e8le - Hydrobox","isPartOf":{"@id":"https:\/\/hydrobox.africa\/fr\/#website"},"datePublished":"2022-03-15T12:41:43+00:00","dateModified":"2023-09-22T11:57:55+00:00","description":"Hydrobox d\u00e9veloppe et exploite des centrales hydro\u00e9lectriques respectueuses de l'environnement, con\u00e7ues pour transformer les communaut\u00e9s et autonomiser les individus.","breadcrumb":{"@id":"https:\/\/hydrobox.africa\/fr\/notre-modele\/#breadcrumb"},"inLanguage":"fr-FR","potentialAction":[{"@type":"ReadAction","target":["https:\/\/hydrobox.africa\/fr\/notre-modele\/"]}]},{"@type":"BreadcrumbList","@id":"https:\/\/hydrobox.africa\/fr\/notre-modele\/#breadcrumb","itemListElement":[{"@type":"ListItem","position":1,"name":"Home","item":"https:\/\/hydrobox.africa\/fr\/"},{"@type":"ListItem","position":2,"name":"Notre mod\u00e8le"}]},{"@type":"WebSite","@id":"https:\/\/hydrobox.africa\/fr\/#website","url":"https:\/\/hydrobox.africa\/fr\/","name":"Hydrobox","description":"","potentialAction":[{"@type":"SearchAction","target":{"@type":"EntryPoint","urlTemplate":"https:\/\/hydrobox.africa\/fr\/?s={search_term_string}"},"query-input":{"@type":"PropertyValueSpecification","valueRequired":true,"valueName":"search_term_string"}}],"inLanguage":"fr-FR"}]}},"_links":{"self":[{"href":"https:\/\/hydrobox.africa\/fr\/wp-json\/wp\/v2\/pages\/7627","targetHints":{"allow":["GET"]}}],"collection":[{"href":"https:\/\/hydrobox.africa\/fr\/wp-json\/wp\/v2\/pages"}],"about":[{"href":"https:\/\/hydrobox.africa\/fr\/wp-json\/wp\/v2\/types\/page"}],"author":[{"embeddable":true,"href":"https:\/\/hydrobox.africa\/fr\/wp-json\/wp\/v2\/users\/2"}],"replies":[{"embeddable":true,"href":"https:\/\/hydrobox.africa\/fr\/wp-json\/wp\/v2\/comments?post=7627"}],"version-history":[{"count":0,"href":"https:\/\/hydrobox.africa\/fr\/wp-json\/wp\/v2\/pages\/7627\/revisions"}],"wp:attachment":[{"href":"https:\/\/hydrobox.africa\/fr\/wp-json\/wp\/v2\/media?parent=7627"}],"curies":[{"name":"wp","href":"https:\/\/api.w.org\/{rel}","templated":true}]}}